{"id":3,"date":"2024-10-22T08:50:37","date_gmt":"2024-10-22T08:50:37","guid":{"rendered":"https:\/\/borisbedrac.com\/?page_id=3"},"modified":"2024-12-13T18:45:58","modified_gmt":"2024-12-13T17:45:58","slug":"pravila-privatnosti","status":"publish","type":"page","link":"https:\/\/borisbedrac.com\/es\/pravila-privatnosti\/","title":{"rendered":"Pravila privatnosti"},"content":{"rendered":"<div data-elementor-type=\"wp-page\" data-elementor-id=\"3\" class=\"elementor elementor-3\">\n\t\t\t\t<div class=\"elementor-element elementor-element-1c68e94b e-flex e-con-boxed e-con e-parent\" data-id=\"1c68e94b\" data-element_type=\"container\" data-e-type=\"container\">\n\t\t\t\t\t<div class=\"e-con-inner\">\n\t\t\t\t<div class=\"elementor-element elementor-element-81f842b elementor-widget elementor-widget-heading\" data-id=\"81f842b\" data-element_type=\"widget\" data-e-type=\"widget\" data-widget_type=\"heading.default\">\n\t\t\t\t<div class=\"elementor-widget-container\">\n\t\t\t\t\t<h2 class=\"elementor-heading-title elementor-size-default\">Pravila privatnosti<\/h2>\t\t\t\t<\/div>\n\t\t\t\t<\/div>\n\t\t\t\t<div class=\"elementor-element elementor-element-78f54a49 elementor-widget elementor-widget-text-editor\" data-id=\"78f54a49\" data-element_type=\"widget\" data-e-type=\"widget\" data-widget_type=\"text-editor.default\">\n\t\t\t\t<div class=\"elementor-widget-container\">\n\t\t\t\t\t\t\t\t\t\n<h2 class=\"wp-block-heading\">\u00a0<\/h2>\n\n<p>Ovo je Politika privatnosti na web stranicama https:\/\/borisbedrac.com.<\/p>\n\n<p>Cijenimo va\u0161u privatnost i posve\u0107eni smo za\u0161titi va\u0161ih osobnih podataka.\u00a0\u00a0<\/p>\n<p>1. Informacije koje prikupljamo<\/p>\n<p>Prikupljamo osobne podatke na nekoliko na\u010dina kada koristite na\u0161u web stranicu:<\/p>\n<p>Kontakt obrazac: Kada ispunite kontakt obrazac na na\u0161oj web stranici, prikupljamo informacije koje pru\u017eite, uklju\u010duju\u0107i va\u0161e ime, e-mail adresu i druge informacije koje uklju\u010dite u poruku.<\/p>\n<p>2. Kako koristimo va\u0161e podatke<\/p>\n<p>Va\u0161e osobne podatke koristimo za sljede\u0107e svrhe:<\/p>\n<p>Komunikacija: Da bismo odgovorili na va\u0161e upite ili zahtjeve koje po\u0161aljete putem kontakt obrasca.<\/p>\n<p>3. Kola\u010di\u0107i<\/p>\n<p>Na\u0161a web stranica koristi kola\u010di\u0107e za pobolj\u0161anje va\u0161eg korisni\u010dkog iskustva, uklju\u010duju\u0107i oglase. Kola\u010di\u0107i su male tekstualne datoteke koje se pohranjuju na va\u0161em ure\u0111aju. Google koristi kola\u010di\u0107e za pra\u0107enje u\u010dinkovitosti oglasa i za personalizaciju oglasa temeljenih na va\u0161im interesima.<\/p>\n<p>Mo\u017eete kontrolirati postavke kola\u010di\u0107a putem svog preglednika, a mo\u017eete i blokirati kola\u010di\u0107e. Me\u0111utim, onemogu\u0107avanje kola\u010di\u0107a mo\u017ee utjecati na funkcionalnost na\u0161ih usluga.<\/p>\n<p>4. Dijeljenje va\u0161ih podataka<\/p>\n<p>Va\u0161i podaci ne\u0107e biti prodani, iznajmljeni ili dijeljeni s tre\u0107im stranama, osim ako to nije potrebno za provedbu usluga (npr. Google Ads) ili ako smo to zakonski obvezani u\u010diniti.<\/p>\n<p>5. Sigurnost podataka<\/p>\n<p>Poduzimamo odgovaraju\u0107e mjere sigurnosti kako bismo za\u0161titili va\u0161e osobne podatke od neovla\u0161tenog pristupa, kori\u0161tenja ili objavljivanja. Iako poduzimamo sve napore da za\u0161titimo va\u0161e podatke, imajte na umu da nijedna metoda prijenosa putem interneta nije potpuno sigurna.<\/p>\n<p>6. Prava korisnika<\/p>\n<p>Imate pravo na pristup, ispravak, prijenos ili brisanje va\u0161ih osobnih podataka. Ako \u017eelite ostvariti svoja prava ili imate pitanja u vezi s obradom podataka, slobodno nas kontaktirajte.<\/p>\n<p>7. Promjene Politike privatnosti<\/p>\n<p>Zadr\u017eavamo pravo izmjene ove Politike privatnosti. Svaka promjena bit \u0107e objavljena na ovoj stranici s a\u017euriranim datumom.<\/p>\n<p>8. Kontakt<\/p>\n<p>Ako imate bilo kakvih pitanja o ovoj Politici privatnosti ili o na\u010dinu na koji obra\u0111ujemo va\u0161e osobne podatke, slobodno nas kontaktirajte na:<\/p>\n<div class=\"elementor-element elementor-element-a98ad0a e-con-full e-flex e-con e-child\" data-id=\"a98ad0a\" data-element_type=\"container\">\n<div class=\"elementor-element elementor-element-9e98da2 elementor-widget__width-inherit elementor-widget elementor-widget-heading\" data-id=\"9e98da2\" data-element_type=\"widget\" data-widget_type=\"heading.default\">\n<div class=\"elementor-widget-container\"><span class=\"elementor-heading-title elementor-size-default\"><a href=\"mailto:boris.bedrac@gmail.com\">boris.bedrac@gmail.com,<\/a><\/span><\/div>\n<\/div>\n<\/div>\n<div class=\"elementor-element elementor-element-2863843 e-con-full e-flex e-con e-child\" data-id=\"2863843\" data-element_type=\"container\">\n<div class=\"elementor-element elementor-element-3cb3cf1 elementor-widget__width-inherit elementor-widget elementor-widget-heading\" data-id=\"3cb3cf1\" data-element_type=\"widget\" data-widget_type=\"heading.default\">\n<div class=\"elementor-widget-container\">\n<p class=\"elementor-heading-title elementor-size-default\"><a href=\"tel:%2000%20385%2098%20236%20151\">+385 98 236 151<\/a><\/p>\n<\/div>\n<\/div>\n<\/div>\n<p>\u00a0<\/p>\n\t\t\t\t\t\t\t\t<\/div>\n\t\t\t\t<\/div>\n\t\t\t\t\t<\/div>\n\t\t\t\t<\/div>\n\t\t\t\t<\/div>","protected":false},"excerpt":{"rendered":"<p>Pravila privatnosti \u00a0 Ovo je Politika privatnosti na web stranicama https:\/\/borisbedrac.com. Cijenimo va\u0161u privatnost i posve\u0107eni smo za\u0161titi va\u0161ih osobnih podataka.\u00a0\u00a0 1. Informacije koje prikupljamo Prikupljamo osobne podatke na nekoliko na\u010dina kada koristite na\u0161u web stranicu: Kontakt obrazac: Kada ispunite kontakt obrazac na na\u0161oj web stranici, prikupljamo informacije koje pru\u017eite, uklju\u010duju\u0107i va\u0161e ime, e-mail adresu [&hellip;]<\/p>","protected":false},"author":1,"featured_media":0,"parent":0,"menu_order":0,"comment_status":"closed","ping_status":"closed","template":"","meta":{"site-sidebar-layout":"no-sidebar","site-content-layout":"","ast-site-content-layout":"default","site-content-style":"default","site-sidebar-style":"default","ast-global-header-display":"","ast-banner-title-visibility":"","ast-main-header-display":"","ast-hfb-above-header-display":"","ast-hfb-below-header-display":"","ast-hfb-mobile-header-display":"","site-post-title":"disabled","ast-breadcrumbs-content":"","ast-featured-img":"","footer-sml-layout":"","ast-disable-related-posts":"","theme-transparent-header-meta":"","adv-header-id-meta":"","stick-header-meta":"","header-above-stick-meta":"","header-main-stick-meta":"","header-below-stick-meta":"","astra-migrate-meta-layouts":"set","ast-page-background-enabled":"default","ast-page-background-meta":{"desktop":{"background-color":"var(--ast-global-color-4)","background-image":"","background-repeat":"repeat","background-position":"center center","background-size":"auto","background-attachment":"scroll","background-type":"","background-media":"","overlay-type":"","overlay-color":"","overlay-opacity":"","overlay-gradient":""},"tablet":{"background-color":"","background-image":"","background-repeat":"repeat","background-position":"center center","background-size":"auto","background-attachment":"scroll","background-type":"","background-media":"","overlay-type":"","overlay-color":"","overlay-opacity":"","overlay-gradient":""},"mobile":{"background-color":"","background-image":"","background-repeat":"repeat","background-position":"center center","background-size":"auto","background-attachment":"scroll","background-type":"","background-media":"","overlay-type":"","overlay-color":"","overlay-opacity":"","overlay-gradient":""}},"ast-content-background-meta":{"desktop":{"background-color":"var(--ast-global-color-5)","background-image":"","background-repeat":"repeat","background-position":"center center","background-size":"auto","background-attachment":"scroll","background-type":"","background-media":"","overlay-type":"","overlay-color":"","overlay-opacity":"","overlay-gradient":""},"tablet":{"background-color":"var(--ast-global-color-5)","background-image":"","background-repeat":"repeat","background-position":"center center","background-size":"auto","background-attachment":"scroll","background-type":"","background-media":"","overlay-type":"","overlay-color":"","overlay-opacity":"","overlay-gradient":""},"mobile":{"background-color":"var(--ast-global-color-5)","background-image":"","background-repeat":"repeat","background-position":"center center","background-size":"auto","background-attachment":"scroll","background-type":"","background-media":"","overlay-type":"","overlay-color":"","overlay-opacity":"","overlay-gradient":""}},"slim_seo":{"title":"Pravila privatnosti - Boris Bedrac","description":"Pravila privatnosti \u00a0 Ovo je Politika privatnosti na web stranicama https:\/\/borisbedrac.com. Cijenimo va\u0161u privatnost i posve\u0107eni smo za\u0161titi va\u0161ih osobnih poda"},"footnotes":""},"class_list":["post-3","page","type-page","status-publish","hentry"],"_links":{"self":[{"href":"https:\/\/borisbedrac.com\/es\/wp-json\/wp\/v2\/pages\/3","targetHints":{"allow":["GET"]}}],"collection":[{"href":"https:\/\/borisbedrac.com\/es\/wp-json\/wp\/v2\/pages"}],"about":[{"href":"https:\/\/borisbedrac.com\/es\/wp-json\/wp\/v2\/types\/page"}],"author":[{"embeddable":true,"href":"https:\/\/borisbedrac.com\/es\/wp-json\/wp\/v2\/users\/1"}],"replies":[{"embeddable":true,"href":"https:\/\/borisbedrac.com\/es\/wp-json\/wp\/v2\/comments?post=3"}],"version-history":[{"count":35,"href":"https:\/\/borisbedrac.com\/es\/wp-json\/wp\/v2\/pages\/3\/revisions"}],"predecessor-version":[{"id":3477,"href":"https:\/\/borisbedrac.com\/es\/wp-json\/wp\/v2\/pages\/3\/revisions\/3477"}],"wp:attachment":[{"href":"https:\/\/borisbedrac.com\/es\/wp-json\/wp\/v2\/media?parent=3"}],"curies":[{"name":"wp","href":"https:\/\/api.w.org\/{rel}","templated":true}]}}